{"id":279,"date":"2023-12-13T12:27:27","date_gmt":"2023-12-13T11:27:27","guid":{"rendered":"https:\/\/restaurant-la.com\/?page_id=279"},"modified":"2023-12-14T18:44:16","modified_gmt":"2023-12-14T17:44:16","slug":"saint-silvestre","status":"publish","type":"page","link":"https:\/\/restaurant-la.com\/fr\/saint-silvestre\/","title":{"rendered":"SILVESTER FEIER 2023"},"content":{"rendered":"<div class=\"row\">\n<div class=\"mb-40 uppercase garamond\">\n<h4><b>Unsere Philosophie ist es Sie zu \u00fcberraschen, daher laden wir Sie ein, eines unserer beiden Men\u00fcs &#171;Chef&#8217;s Choice&#187; in vier oder sechs G\u00e4ngen zu w\u00e4hlen.<br \/>\nLes menus peuvent \u00eatre adapt\u00e9s en cons\u00e9quence pour nos h\u00f4tes v\u00e9g\u00e9tariens.<br \/>\nAvec les menus, vous avez la possibilit\u00e9 de choisir un accompagnement de vin ou un accompagnement de boissons sans alcool.<\/b><\/h4>\n<h4 class=\"mt-40\"><b>\u2794 Damit wir Ihr kulinarisches Erlebnis unvergesslich gestalten k\u00f6nnen, bitten wir Sie bei Ihrer Reservierung (online oder telefonisch) oder sp\u00e4testens bei Ihrer Ankunft uns \u00fcber eventuelle Allergien oder Unvertr\u00e4glichkeiten zu informieren.<\/b><\/h4>\n<\/div>\n<div class=\"col-md-4 uppercase\">\n<div class=\"\">\n<p class=\"mt-10 mb-10 price\">Men\u00fc &#171;Chef&#8217;s Choice&#187; 4 G\u00e4nge 98 CHF<\/p>\n<div class=\"trait mb-20\"><\/div>\n<p>Accompagnement de 4 vins : CHF 35<br \/>\nAccompagnement de boissons non alcoolis\u00e9es 4 boissons : CHF 25<\/p>\n<\/div>\n<\/div>\n<div class=\"col-md-4 uppercase\">\n<div class=\"\">\n<p class=\"mt-10 mb-10 price\">Men\u00fc &#171;Chef&#8217;s Choice&#187; 6 G\u00e4nge : 138 CHF<\/p>\n<div class=\"trait mb-20\"><\/div>\n<p>Accompagnement de 6 vins : CHF 53<br \/>\nAccompagnement de boissons non alcoolis\u00e9es 6 boissons : CHF 35<\/p>\n<\/div>\n<\/div>\n<p><!--\n\n\n<div class=\"col-md-4 uppercase\">\n\n\n<div class=\"\">\n\n<strong>4 GANG MENU,INKL. DESSERT CHEF\u2019S CHOICE<\/strong>\n\nDAS MENU WIRD NUR F\u00dcR DIE GESAMTHEIT DES TISCHES SERVIERT LEIDER K\u00d6NNEN WIR KEINE AUSNAHMEN MACHEN THE MENU IS JUST SERVED FOR THE WHOLE TABLE SORRY THAT WE CANNOT NOT MAKE EXCEPTIONS.\n\n<\/div>\n\n\n\n\n<p class=\"mt-10 mb-20 price\">CHF\n98\n\n\n<div class=\"trait mb-80\"><\/div>\n\n\n<\/div>\n\n\n\n\n<div class=\"col-md-4 uppercase\">\n\n\n<div class=\"\">\n\n<strong>6 GANG MENU, INKL. DESSERT CHEF\u2019S CHOICE<\/strong>\n\n\n<div class=\"uppercase\">DAS MENU WIRD NUR F\u00dcR DIE GESAMTHEIT DES TISCHES SERVIERT LEIDER K\u00d6NNEN WIR KEINE AUSNAHMEN MACHEN THE MENU IS JUST SERVED FOR THE WHOLE TABLE.<\/div>\n\n\n<\/div>\n\n\n\n\n<p class=\"mt-10 mb-20 price\">CHF\n138\n\n\n<div class=\"trait mb-80\"><\/div>\n\n\n<\/div>\n\n\n--><\/p>\n<hr class=\"mt-40 mb-40\" \/>\n<div class=\"col-8 mb-40 uppercase garamond\">\n<h4><img decoding=\"async\" style=\"width: 2.4rem; margin-bottom: 10px; float: left; margin-right: 10px;\" src=\"https:\/\/restaurant-la.com\/wp-content\/themes\/la\/images\/cheese.svg\" alt=\"menu restaurant la basel\" \/> <b>Um Ihr Menu abzurunden, bieten wir Ihnen eine K\u00e4se Auswahl, Preis CHF 18.00.<br \/>\nC'est l'un des comptoirs \u00e0 fromages les plus traditionnels de B\u00e2le.<br \/>\nElle peut si vous le souhaitez \u00eatre servi sans suppl\u00e9ment en remplacement du dessert.<\/b><\/h4>\n<\/div>\n<\/div>\n<h1>\u00a0<img loading=\"lazy\" decoding=\"async\" class=\"alignnone wp-image-276\" src=\"http:\/\/restaurant-la.com\/wp-content\/uploads\/2023\/12\/logo.svg\" alt=\"\" width=\"58\" height=\"58\" \/><\/h1>\n<h3><strong>Was w\u00e4re, wenn wir das neue Jahr zusammen verbringen w\u00fcrden ?<\/strong><\/h3>\n<h2><strong style=\"color: #c60909;\">New Year\u2019s Menu<\/strong><\/h2>\n<p>Amuse Bouche<\/p>\n<p><strong>Foie Gras Terrine | Aal Ger\u00e4uchert | Lauch in Vinaigrette<\/strong><br \/>\n<span style=\"color: #9fa0ab;\">Foie Gras Terrine\u00a0| Smoked Eel\u00a0| Leek in Vinaigrette<\/span><\/p>\n<p><strong>Jakobsmuschel Carpaccio | Sellerie | Ger\u00f6stete Haseln\u00fcsse | Schwarzer Tr\u00fcffel<\/strong><br \/>\nScallop Carpaccio | Celery | Roasted Hazelnuts | Black Truffel<\/p>\n<p>\u2014\u2014\u2014\u2014\u2014<\/p>\n<p><strong>Franz\u00f6sische B\u00e4ckerin Kartoffeln | Cr\u00e8me | Kaviar<\/strong><br \/>\n<span style=\"color: #9fa0ab;\">Pommes Boulang\u00e8re | Creaml | Caviar<\/span><\/p>\n<p>\u2014\u2014\u2014\u2014\u2014<\/p>\n<p><strong>Hummer Ravioli | Krustentiere Emulsion an Lakritze<\/strong><br \/>\n<span style=\"color: #9fa0ab;\">Lobster Ravioli\u00a0| Shell Fish Emulsion with Liquorice<\/span><\/p>\n<p>\u2014\u2014\u2014\u2014\u2014<\/p>\n<p><strong>T\u00e4ubchen Brust | Rote Beete | Beeren | Oxalis | Jus<\/strong><br \/>\n<span style=\"color: #9fa0ab;\">Young Pigeon Breast | Beet Roots | Berries | Oxalis | Jus<\/span><\/p>\n<p>\u2014\u2014\u2014\u2014\u2014<\/p>\n<p><strong>Weisses Schokoladen Cr\u00e9meux | Kiwi<\/strong><br \/>\n<span style=\"color: #9fa0ab;\">White Chocolate Cr\u00e9meux\u00a0| Kiwi<\/span><\/p>","protected":false},"excerpt":{"rendered":"<p>Unsere Philosophie ist es Sie zu \u00fcberraschen, daher laden wir Sie ein, eines unserer beiden Men\u00fcs &#171;Chef&#8217;s Choice&#187; in vier oder sechs G\u00e4ngen zu w\u00e4hlen. Die Men\u00fcs k\u00f6nnen f\u00fcr unsere vegetarischen G\u00e4ste entsprechend angepasst werden. Zu den Menus haben Sie die M\u00f6glichkeit einer Weinbegleitung oder einer passenden Getr\u00e4nkebegleitung ohne Alkohol auszuw\u00e4hlen. \u2794 Damit wir Ihr &hellip; <a href=\"https:\/\/restaurant-la.com\/fr\/saint-silvestre\/\" class=\"more-link\">Continue reading<span class=\"screen-reader-text\"> &#171;SILVESTER FEIER 2023&#187;<\/span><\/a><\/p>","protected":false},"author":1,"featured_media":0,"parent":0,"menu_order":0,"comment_status":"closed","ping_status":"closed","template":"","meta":{"_acf_changed":false,"inline_featured_image":false,"footnotes":""},"class_list":["post-279","page","type-page","status-publish","hentry"],"acf":[],"_links":{"self":[{"href":"https:\/\/restaurant-la.com\/fr\/wp-json\/wp\/v2\/pages\/279","targetHints":{"allow":["GET"]}}],"collection":[{"href":"https:\/\/restaurant-la.com\/fr\/wp-json\/wp\/v2\/pages"}],"about":[{"href":"https:\/\/restaurant-la.com\/fr\/wp-json\/wp\/v2\/types\/page"}],"author":[{"embeddable":true,"href":"https:\/\/restaurant-la.com\/fr\/wp-json\/wp\/v2\/users\/1"}],"replies":[{"embeddable":true,"href":"https:\/\/restaurant-la.com\/fr\/wp-json\/wp\/v2\/comments?post=279"}],"version-history":[{"count":41,"href":"https:\/\/restaurant-la.com\/fr\/wp-json\/wp\/v2\/pages\/279\/revisions"}],"predecessor-version":[{"id":333,"href":"https:\/\/restaurant-la.com\/fr\/wp-json\/wp\/v2\/pages\/279\/revisions\/333"}],"wp:attachment":[{"href":"https:\/\/restaurant-la.com\/fr\/wp-json\/wp\/v2\/media?parent=279"}],"curies":[{"name":"wp","href":"https:\/\/api.w.org\/{rel}","templated":true}]}}